{"id":1775,"date":"2016-10-08T13:53:14","date_gmt":"2016-10-08T12:53:14","guid":{"rendered":"http:\/\/www.iglikachristova.com\/v2\/?page_id=1775"},"modified":"2018-10-08T20:05:12","modified_gmt":"2018-10-08T19:05:12","slug":"h2o","status":"publish","type":"page","link":"https:\/\/www.iglika-christova.com\/v2\/?page_id=1775","title":{"rendered":"H2O"},"content":{"rendered":"<p><strong>Projet 2016-2017<\/strong><br \/>\n<strong>Plong\u00e9e dans la vie microscopique de l&rsquo;eau<\/strong><\/p>\n<p style=\"text-align: justify;\"><a href=\"http:\/\/www.iglikachristova.com\/v2\/wp-content\/uploads\/2016\/10\/H2O_installation_Iglika-Christova.jpg\"><img loading=\"lazy\" decoding=\"async\" class=\"alignleft  wp-image-2371\" alt=\"H2O_installation_Iglika Christova\" src=\"http:\/\/www.iglikachristova.com\/v2\/wp-content\/uploads\/2016\/10\/H2O_installation_Iglika-Christova.jpg\" width=\"425\" height=\"487\" srcset=\"https:\/\/www.iglika-christova.com\/v2\/wp-content\/uploads\/2016\/10\/H2O_installation_Iglika-Christova.jpg 787w, https:\/\/www.iglika-christova.com\/v2\/wp-content\/uploads\/2016\/10\/H2O_installation_Iglika-Christova-261x300.jpg 261w, https:\/\/www.iglika-christova.com\/v2\/wp-content\/uploads\/2016\/10\/H2O_installation_Iglika-Christova-418x480.jpg 418w\" sizes=\"(max-width: 425px) 100vw, 425px\" \/><\/a>L&rsquo;oeuvre \u00e9volutive\u00a0<i>H<sub>2<\/sub>O\u00a0<\/i>\u00e9labor\u00e9e en collaboration avec le biologiste\u00a0Gilles Carpentier, met en sc\u00e8ne l\u2019intimit\u00e9 d\u2019une seule goutte d\u2019eau. Cette \u0153uvre, en m\u00ealant dessin, vid\u00e9o et installation, donne \u00e0 voir la vie, invisible \u00e0 l\u2019\u0153il nu, pr\u00e9sente dans une seule goutte d\u2019eau, pr\u00e9lev\u00e9e sp\u00e9cialement pour cette exp\u00e9rience dans le lac du bois de Vincennes.\u00a0<i>H<sub>2<\/sub>O\u00a0<\/i>met l\u2019accent sur l\u2019importance de l\u2019eau en tant que source de vie, et ceci notamment dans le contexte de sa rar\u00e9faction, en d\u00e9voilant un bouillonnement \u00e9tonnant de vie. En effet, l\u2019\u0153uvre r\u00e9v\u00e8le \u00e0 notre regard toute une faune de protozoaires et autres micro-organismes, ainsi que l\u2019\u00e9volution des \u00e9cosyst\u00e8mes observ\u00e9s dans l\u2019\u00e9chantillon d\u2019eau pr\u00e9lev\u00e9. \u00c9labor\u00e9e \u00e0 partir d\u2019exp\u00e9riences scientifiques, suivant des \u00e9tapes de travail pr\u00e9\u00e9tablies et r\u00e9alis\u00e9es selon un \u00ab\u00a0<a href=\"https:\/\/youtu.be\/56SSEXObang\" target=\"_blank\">protocole recherche-cr\u00e9ation<\/a>\u00a0\u00bb, <i>H<sub>2<\/sub>O<\/i> cr\u00e9e une pollinisation r\u00e9ciproque entre le dessin et les diff\u00e9rentes images de microscopie relatives aux observations de l\u2019\u00e9chantillon d\u2019eau. Ainsi, depuis juillet 2016, le dessin poursuit et interpr\u00e8te les m\u00e9tamorphoses et les mouvements de la vie invisible dans la goutte d\u2019eau observ\u00e9e. L\u2019interpr\u00e9tation de l\u2019image de microscopie par le biais du dessin ouvre alors un espace de dialogue se situant entre les observations objectives du microcosme et l\u2019imaginaire po\u00e9tique. L\u2019image de microscopie incite ici \u00e0 rendre compte simultan\u00e9ment de la singularit\u00e9 et de l\u2019universalit\u00e9 des images par l\u2019\u00e9vocation des aspects po\u00e9tiques de la r\u00eaverie.\u00a0Il s\u2019agit donc de cr\u00e9er un espace graphique de l\u2019\u00ab\u00a0entre-deux\u00a0\u00bb, interrogeant simultan\u00e9ment le rationnel et l\u2019irrationnel, l\u2019objectif et le subjectif. Bien que le dessin \u00ab\u00a0capture\u00a0\u00bb et reste fid\u00e8le \u00e0 l\u2019aspect visuel et aux mouvements des micro-organismes observ\u00e9s dans l\u2019eau, il ne se limite pas \u00e0 l\u2019imitation des \u00e9l\u00e9ments du microcosme. L\u2019\u00e9criture graphique vise un d\u00e9placement de ces \u00e9l\u00e9ments vers un espace imaginaire.<\/p>\n<p style=\"text-align: justify;\"><a href=\"http:\/\/www.iglikachristova.com\/v2\/wp-content\/uploads\/2016\/10\/IMG_20170106_104020_203.jpg\"><img loading=\"lazy\" decoding=\"async\" class=\"alignright\" alt=\"IMG_20170106_104020_203\" src=\"http:\/\/www.iglikachristova.com\/v2\/wp-content\/uploads\/2016\/10\/IMG_20170106_104020_203.jpg\" width=\"350\" height=\"263\" \/><\/a>Comprendre la vie microscopique pr\u00e9sente dans une goutte d\u2019eau, ce n\u2019est pas seulement l\u2019appr\u00e9hender rationnellement, mais aussi l\u2019\u00e9prouver \u00e0 travers des images oniriques qui r\u00e9v\u00e8lent notre compr\u00e9hension intime du monde. Par ailleurs, il ne s\u2019agit pas pour autant de nier la rationalit\u00e9 scientifique, mais au contraire d\u2019ajouter \u00e0 celle-ci, \u00e0 travers le dessin, un regard sensible, un contenu po\u00e9tique et \u00e9motionnel. En d\u00e9tournant les codes du protocole scientifique, le \u00ab\u00a0protocole recherche-cr\u00e9ation\u00a0\u00bb, tel un carnet de bord de l\u2019\u0153uvre, indique les ph\u00e9nom\u00e8nes naturels recherch\u00e9s, les conditions de r\u00e9alisation et la planification des exp\u00e9riences. Suivant ce \u00ab\u00a0protocole \u00bb, qui fait partie int\u00e9grante de l\u2019\u0153uvre, il s\u2019agit donc d\u2019observer objectivement les m\u00e9tamorphoses et l\u2019\u00e9volution de la vie microscopique pr\u00e9sente dans l\u2019\u00e9chantillon d\u2019eau. Plus pr\u00e9cis\u00e9ment, l\u2019observation sous microscope de ces diff\u00e9rents \u00e9tats d\u00e9voile d\u2019une part l\u2019\u00e9cosyst\u00e8me initial et d\u2019autre part deux nouveaux \u00e9cosyst\u00e8mes observ\u00e9s apr\u00e8s une p\u00e9riode de six mois. De ces trois \u00e9cosyst\u00e8mes (l\u2019initial et les deux nouveaux obtenus) d\u00e9coulent deux diff\u00e9rentes s\u00e9ries d\u2019\u0153uvres graphiques. L\u2019oeuvre <i>H<sub>2<\/sub>O<\/i> est donc compos\u00e9e de la s\u00e9rie <a href=\"https:\/\/youtu.be\/Qe9zguiSXUo\" target=\"_blank\"><i>H<sub>2<\/sub>O<sub>1<\/sub><\/i><\/a> relative \u00e0 l\u2019observation initiale, ainsi que de la s\u00e9rie <a href=\"https:\/\/youtu.be\/mE9kxvdL7Fg\" target=\"_blank\"><i>H<sub>2<\/sub>O<sub>2<\/sub><\/i><\/a>, qui t\u00e9moigne de l\u2019\u00e9volution de la mati\u00e8re vivante apr\u00e8s enrichissement du milieu lors d\u2019une p\u00e9riode de maturation. De cette mani\u00e8re, le \u00ab\u00a0protocole recherche-cr\u00e9ation\u00a0\u00bb met l\u2019accent sur la notion de croissance exponentielle de la vie en introduisant l\u2019id\u00e9e de l\u2019infini des possibles\u00a0: en effet, ce \u00ab\u00a0protocole \u00bb de l\u2019\u0153uvre pourrait en th\u00e9orie \u00eatre poursuivi dans le temps pour une dur\u00e9e ind\u00e9termin\u00e9e, en m\u00e9langeant par exemple les nouveaux \u00e9cosyst\u00e8mes obtenus et\/ou en ajoutant des apports ext\u00e9rieurs. Un seul \u00e9chantillon d\u2019eau offre ainsi la possibilit\u00e9 de cr\u00e9er une multitude de vies en sugg\u00e9rant l\u2019illusion de l\u2019infini spontan\u00e9.<\/p>\n<div id=\"attachment_1933\" style=\"width: 861px\" class=\"wp-caption aligncenter\"><a href=\"http:\/\/www.iglikachristova.com\/v2\/wp-content\/uploads\/2016\/10\/iglika_christova_germe_1.jpg\"><img loading=\"lazy\" decoding=\"async\" aria-describedby=\"caption-attachment-1933\" class=\" wp-image-1933  \" alt=\"iglika_christova_germe_1\" src=\"http:\/\/www.iglikachristova.com\/v2\/wp-content\/uploads\/2016\/10\/iglika_christova_germe_1.jpg\" width=\"851\" height=\"638\" srcset=\"https:\/\/www.iglika-christova.com\/v2\/wp-content\/uploads\/2016\/10\/iglika_christova_germe_1.jpg 1575w, https:\/\/www.iglika-christova.com\/v2\/wp-content\/uploads\/2016\/10\/iglika_christova_germe_1-300x224.jpg 300w, https:\/\/www.iglika-christova.com\/v2\/wp-content\/uploads\/2016\/10\/iglika_christova_germe_1-1024x767.jpg 1024w, https:\/\/www.iglika-christova.com\/v2\/wp-content\/uploads\/2016\/10\/iglika_christova_germe_1-480x359.jpg 480w\" sizes=\"(max-width: 851px) 100vw, 851px\" \/><\/a><p id=\"caption-attachment-1933\" class=\"wp-caption-text\">Iglika Christova, <em>Germe 1<\/em> \u2013 s\u00e9rie \u00ab H2O \u00bb, dessin \u00e0 l\u2019encre sur images de microscopie obtenues par microscopie de fluorescence et contraste de phase ; transfiguration et d\u00e9voilement de l\u2019intimit\u00e9 cellulaire d\u2019une goute d\u2019eau, impression sur verre, dimensions variables, 2016.<\/p><\/div>\n<div id=\"attachment_1936\" style=\"width: 861px\" class=\"wp-caption aligncenter\"><a href=\"http:\/\/www.iglikachristova.com\/v2\/wp-content\/uploads\/2016\/10\/iglika_christova_germe_2.jpg\"><img loading=\"lazy\" decoding=\"async\" aria-describedby=\"caption-attachment-1936\" class=\" wp-image-1936 \" alt=\"iglika_christova_germe_2\" src=\"http:\/\/www.iglikachristova.com\/v2\/wp-content\/uploads\/2016\/10\/iglika_christova_germe_2.jpg\" width=\"851\" height=\"638\" srcset=\"https:\/\/www.iglika-christova.com\/v2\/wp-content\/uploads\/2016\/10\/iglika_christova_germe_2.jpg 1575w, https:\/\/www.iglika-christova.com\/v2\/wp-content\/uploads\/2016\/10\/iglika_christova_germe_2-300x224.jpg 300w, https:\/\/www.iglika-christova.com\/v2\/wp-content\/uploads\/2016\/10\/iglika_christova_germe_2-1024x767.jpg 1024w, https:\/\/www.iglika-christova.com\/v2\/wp-content\/uploads\/2016\/10\/iglika_christova_germe_2-480x359.jpg 480w\" sizes=\"(max-width: 851px) 100vw, 851px\" \/><\/a><p id=\"caption-attachment-1936\" class=\"wp-caption-text\">Iglika Christova, <em>Germe 2<\/em> \u2013 s\u00e9rie \u00ab H2O \u00bb, dessin \u00e0 l\u2019encre sur images de microscopie obtenues par microscopie de fluorescence et contraste de phase ; transfiguration et d\u00e9voilement de l\u2019intimit\u00e9 cellulaire d\u2019une goute d\u2019eau, impression sur verre, dimensions variables, 2016.<\/p><\/div>\n<div id=\"attachment_1938\" style=\"width: 861px\" class=\"wp-caption aligncenter\"><a href=\"http:\/\/www.iglikachristova.com\/v2\/wp-content\/uploads\/2016\/10\/iglika_christova_germe_3.jpg\"><img loading=\"lazy\" decoding=\"async\" aria-describedby=\"caption-attachment-1938\" class=\" wp-image-1938 \" alt=\"iglika_christova_germe_3\" src=\"http:\/\/www.iglikachristova.com\/v2\/wp-content\/uploads\/2016\/10\/iglika_christova_germe_3.jpg\" width=\"851\" height=\"638\" srcset=\"https:\/\/www.iglika-christova.com\/v2\/wp-content\/uploads\/2016\/10\/iglika_christova_germe_3.jpg 1575w, https:\/\/www.iglika-christova.com\/v2\/wp-content\/uploads\/2016\/10\/iglika_christova_germe_3-300x224.jpg 300w, https:\/\/www.iglika-christova.com\/v2\/wp-content\/uploads\/2016\/10\/iglika_christova_germe_3-1024x767.jpg 1024w, https:\/\/www.iglika-christova.com\/v2\/wp-content\/uploads\/2016\/10\/iglika_christova_germe_3-480x359.jpg 480w\" sizes=\"(max-width: 851px) 100vw, 851px\" \/><\/a><p id=\"caption-attachment-1938\" class=\"wp-caption-text\">Iglika Christova, <em>Germe 3<\/em> \u2013 s\u00e9rie \u00ab H2O \u00bb, dessin \u00e0 l\u2019encre sur images de microscopie obtenues par microscopie de fluorescence et contraste de phase ; transfiguration et d\u00e9voilement de l\u2019intimit\u00e9 cellulaire d\u2019une goute d\u2019eau, impression sur verre, dimensions variables, 2016.<\/p><\/div>\n<div id=\"attachment_1941\" style=\"width: 861px\" class=\"wp-caption aligncenter\"><a href=\"http:\/\/www.iglikachristova.com\/v2\/wp-content\/uploads\/2016\/10\/iglika_christova_germe_4.jpg\"><img loading=\"lazy\" decoding=\"async\" aria-describedby=\"caption-attachment-1941\" class=\" wp-image-1941 \" alt=\"iglika_christova_germe_4\" src=\"http:\/\/www.iglikachristova.com\/v2\/wp-content\/uploads\/2016\/10\/iglika_christova_germe_4.jpg\" width=\"851\" height=\"638\" srcset=\"https:\/\/www.iglika-christova.com\/v2\/wp-content\/uploads\/2016\/10\/iglika_christova_germe_4.jpg 1575w, https:\/\/www.iglika-christova.com\/v2\/wp-content\/uploads\/2016\/10\/iglika_christova_germe_4-300x224.jpg 300w, https:\/\/www.iglika-christova.com\/v2\/wp-content\/uploads\/2016\/10\/iglika_christova_germe_4-1024x767.jpg 1024w, https:\/\/www.iglika-christova.com\/v2\/wp-content\/uploads\/2016\/10\/iglika_christova_germe_4-480x359.jpg 480w\" sizes=\"(max-width: 851px) 100vw, 851px\" \/><\/a><p id=\"caption-attachment-1941\" class=\"wp-caption-text\">Iglika Christova, <em>Germe 4<\/em> \u2013 s\u00e9rie \u00ab H2O \u00bb, dessin \u00e0 l\u2019encre sur images de microscopie obtenues par microscopie de fluorescence et contraste de phase ; transfiguration et d\u00e9voilement de l\u2019intimit\u00e9 cellulaire d\u2019une goute d\u2019eau, impression sur verre, dimensions variables, 2016.<\/p><\/div>\n<div id=\"attachment_1949\" style=\"width: 861px\" class=\"wp-caption aligncenter\"><a href=\"http:\/\/www.iglikachristova.com\/v2\/wp-content\/uploads\/2016\/10\/iglika_christova_germe_51.jpg\"><img loading=\"lazy\" decoding=\"async\" aria-describedby=\"caption-attachment-1949\" class=\" wp-image-1949 \" alt=\"iglika_christova_germe_5\" src=\"http:\/\/www.iglikachristova.com\/v2\/wp-content\/uploads\/2016\/10\/iglika_christova_germe_51.jpg\" width=\"851\" height=\"638\" srcset=\"https:\/\/www.iglika-christova.com\/v2\/wp-content\/uploads\/2016\/10\/iglika_christova_germe_51.jpg 1575w, https:\/\/www.iglika-christova.com\/v2\/wp-content\/uploads\/2016\/10\/iglika_christova_germe_51-300x224.jpg 300w, https:\/\/www.iglika-christova.com\/v2\/wp-content\/uploads\/2016\/10\/iglika_christova_germe_51-1024x767.jpg 1024w, https:\/\/www.iglika-christova.com\/v2\/wp-content\/uploads\/2016\/10\/iglika_christova_germe_51-480x359.jpg 480w\" sizes=\"(max-width: 851px) 100vw, 851px\" \/><\/a><p id=\"caption-attachment-1949\" class=\"wp-caption-text\">Iglika Christova, <em>Germe 5<\/em> \u2013 s\u00e9rie \u00ab H2O \u00bb, dessin \u00e0 l\u2019encre sur images de microscopie obtenues par microscopie de fluorescence et contraste de phase ; transfiguration et d\u00e9voilement de l\u2019intimit\u00e9 cellulaire d\u2019une goute d\u2019eau, impression sur verre, dimensions variables, 2016.<\/p><\/div>\n<div id=\"attachment_1951\" style=\"width: 861px\" class=\"wp-caption aligncenter\"><a href=\"http:\/\/www.iglikachristova.com\/v2\/wp-content\/uploads\/2016\/10\/iglika_christova_germe_6.jpg\"><img loading=\"lazy\" decoding=\"async\" aria-describedby=\"caption-attachment-1951\" class=\" wp-image-1951 \" alt=\"iglika_christova_germe_6\" src=\"http:\/\/www.iglikachristova.com\/v2\/wp-content\/uploads\/2016\/10\/iglika_christova_germe_6.jpg\" width=\"851\" height=\"638\" srcset=\"https:\/\/www.iglika-christova.com\/v2\/wp-content\/uploads\/2016\/10\/iglika_christova_germe_6.jpg 1575w, https:\/\/www.iglika-christova.com\/v2\/wp-content\/uploads\/2016\/10\/iglika_christova_germe_6-300x224.jpg 300w, https:\/\/www.iglika-christova.com\/v2\/wp-content\/uploads\/2016\/10\/iglika_christova_germe_6-1024x767.jpg 1024w, https:\/\/www.iglika-christova.com\/v2\/wp-content\/uploads\/2016\/10\/iglika_christova_germe_6-480x359.jpg 480w\" sizes=\"(max-width: 851px) 100vw, 851px\" \/><\/a><p id=\"caption-attachment-1951\" class=\"wp-caption-text\">Iglika Christova, <em>Germe 6<\/em> \u2013 s\u00e9rie \u00ab H2O \u00bb, dessin \u00e0 l\u2019encre sur images de microscopie obtenues par microscopie de fluorescence et contraste de phase ; transfiguration et d\u00e9voilement de l\u2019intimit\u00e9 cellulaire d\u2019une goute d\u2019eau, impression sur verre, dimensions variables, 2016.<\/p><\/div>\n<div id=\"attachment_1952\" style=\"width: 861px\" class=\"wp-caption aligncenter\"><a href=\"http:\/\/www.iglikachristova.com\/v2\/wp-content\/uploads\/2016\/10\/iglika_christova_germe_7.jpg\"><img loading=\"lazy\" decoding=\"async\" aria-describedby=\"caption-attachment-1952\" class=\" wp-image-1952 \" alt=\"iglika_christova_germe_7\" src=\"http:\/\/www.iglikachristova.com\/v2\/wp-content\/uploads\/2016\/10\/iglika_christova_germe_7.jpg\" width=\"851\" height=\"638\" srcset=\"https:\/\/www.iglika-christova.com\/v2\/wp-content\/uploads\/2016\/10\/iglika_christova_germe_7.jpg 1575w, https:\/\/www.iglika-christova.com\/v2\/wp-content\/uploads\/2016\/10\/iglika_christova_germe_7-300x224.jpg 300w, https:\/\/www.iglika-christova.com\/v2\/wp-content\/uploads\/2016\/10\/iglika_christova_germe_7-1024x767.jpg 1024w, https:\/\/www.iglika-christova.com\/v2\/wp-content\/uploads\/2016\/10\/iglika_christova_germe_7-480x359.jpg 480w\" sizes=\"(max-width: 851px) 100vw, 851px\" \/><\/a><p id=\"caption-attachment-1952\" class=\"wp-caption-text\">Iglika Christova, <em>Germe 7<\/em> \u2013 s\u00e9rie \u00ab H2O \u00bb, dessin \u00e0 l\u2019encre sur images de microscopie obtenues par microscopie de fluorescence et contraste de phase ; transfiguration et d\u00e9voilement de l\u2019intimit\u00e9 cellulaire d\u2019une goute d\u2019eau, impression sur verre, dimensions variables, 2016.<\/p><\/div>\n","protected":false},"excerpt":{"rendered":"<p>Projet 2016-2017 Plong\u00e9e dans la vie microscopique de l&rsquo;eau L&rsquo;oeuvre \u00e9volutive\u00a0H2O\u00a0\u00e9labor\u00e9e en collaboration avec le biologiste\u00a0Gilles Carpentier, met en sc\u00e8ne l\u2019intimit\u00e9 d\u2019une seule goutte d\u2019eau. Cette \u0153uvre, en m\u00ealant dessin, vid\u00e9o et installation, donne \u00e0 voir la vie, invisible \u00e0 l\u2019\u0153il nu, pr\u00e9sente dans une seule goutte d\u2019eau, pr\u00e9lev\u00e9e sp\u00e9cialement pour cette exp\u00e9rience dans le [&hellip;]<\/p>\n","protected":false},"author":1,"featured_media":0,"parent":0,"menu_order":0,"comment_status":"open","ping_status":"open","template":"","meta":{"footnotes":""},"class_list":["post-1775","page","type-page","status-publish","hentry"],"_links":{"self":[{"href":"https:\/\/www.iglika-christova.com\/v2\/index.php?rest_route=\/wp\/v2\/pages\/1775"}],"collection":[{"href":"https:\/\/www.iglika-christova.com\/v2\/index.php?rest_route=\/wp\/v2\/pages"}],"about":[{"href":"https:\/\/www.iglika-christova.com\/v2\/index.php?rest_route=\/wp\/v2\/types\/page"}],"author":[{"embeddable":true,"href":"https:\/\/www.iglika-christova.com\/v2\/index.php?rest_route=\/wp\/v2\/users\/1"}],"replies":[{"embeddable":true,"href":"https:\/\/www.iglika-christova.com\/v2\/index.php?rest_route=%2Fwp%2Fv2%2Fcomments&post=1775"}],"version-history":[{"count":91,"href":"https:\/\/www.iglika-christova.com\/v2\/index.php?rest_route=\/wp\/v2\/pages\/1775\/revisions"}],"predecessor-version":[{"id":2425,"href":"https:\/\/www.iglika-christova.com\/v2\/index.php?rest_route=\/wp\/v2\/pages\/1775\/revisions\/2425"}],"wp:attachment":[{"href":"https:\/\/www.iglika-christova.com\/v2\/index.php?rest_route=%2Fwp%2Fv2%2Fmedia&parent=1775"}],"curies":[{"name":"wp","href":"https:\/\/api.w.org\/{rel}","templated":true}]}}