{"id":2227,"date":"2018-03-16T23:47:12","date_gmt":"2018-03-16T22:47:12","guid":{"rendered":"http:\/\/www.iglikachristova.com\/v2\/?page_id=2227"},"modified":"2022-08-09T14:34:19","modified_gmt":"2022-08-09T13:34:19","slug":"demarche","status":"publish","type":"page","link":"https:\/\/www.iglika-christova.com\/v2\/?page_id=2227","title":{"rendered":"Biographie"},"content":{"rendered":"<p style=\"text-align: left;\"><img loading=\"lazy\" decoding=\"async\" class=\"alignleft wp-image-2702 \" src=\"https:\/\/www.iglikachristova.com\/v2\/wp-content\/uploads\/2022\/08\/s9-00897-300x218.jpeg\" alt=\"\" width=\"307\" height=\"223\" srcset=\"https:\/\/www.iglika-christova.com\/v2\/wp-content\/uploads\/2022\/08\/s9-00897-300x218.jpeg 300w, https:\/\/www.iglika-christova.com\/v2\/wp-content\/uploads\/2022\/08\/s9-00897.jpeg 644w\" sizes=\"(max-width: 307px) 100vw, 307px\" \/><\/p>\n<p style=\"text-align: justify;\">Iglika Christova est plasticienne et Docteur de l\u2019Universit\u00e9 Paris I Panth\u00e9on \u2013 Sorbonne en Arts et Sciences de l\u2019art. Elle s\u2019inscrit dans une recherche interdisciplinaire entre l\u2019art et la biologie. Afin d\u2019engager un dialogue entre le dessin et le microcosme des mati\u00e8res vivantes, elle collabore avec diff\u00e9rents acteurs de la recherche scientifique. Dans le cadre de ses r\u00e9centes expositions personnelles, qui ont eu lieu \u00e0 la Galerie Arosita (en f\u00e9vrier 2019), l\u2019Orangerie-Espace Tourli\u00e8re (novembre 2017), Galerie Graphem (en janvier 2017), Iglika Christova a pr\u00e9sent\u00e9 la vie invisible des arbres, des OGM, ainsi que des micro-organismes \u00e9voluant dans une goutte d\u2019eau. \u00c0 travers ces explorations, le dessin appara\u00eet comme un moyen d\u2019agrandissement et d\u2019\u00e9largissement du microcosme dans l\u2019espace d\u2019exposition ; d\u2019autre part, l\u2019apport du microcosme des mati\u00e8res vivantes invite Iglika Christova \u00e0 d\u00e9placer les fronti\u00e8res du dessin sur et <em>hors<\/em>\u00a0papier vers un dessin dit \u00ab\u00a0vivant \u00bb r\u00e9alis\u00e9 par le biais de micro-organismes.<\/p>\n\n\n<div class=\"wp-block-group is-layout-flow wp-block-group-is-layout-flow\"><div class=\"wp-block-group__inner-container\"><\/div><\/div>\n","protected":false},"excerpt":{"rendered":"<p>Iglika Christova est plasticienne et Docteur de l\u2019Universit\u00e9 Paris I Panth\u00e9on \u2013 Sorbonne en Arts et Sciences de l\u2019art. Elle s\u2019inscrit dans une recherche interdisciplinaire entre l\u2019art et la biologie. Afin d\u2019engager un dialogue entre le dessin et le microcosme des mati\u00e8res vivantes, elle collabore avec diff\u00e9rents acteurs de la recherche scientifique. Dans le cadre [&hellip;]<\/p>\n","protected":false},"author":1,"featured_media":0,"parent":0,"menu_order":0,"comment_status":"open","ping_status":"open","template":"","meta":{"footnotes":""},"class_list":["post-2227","page","type-page","status-publish","hentry"],"_links":{"self":[{"href":"https:\/\/www.iglika-christova.com\/v2\/index.php?rest_route=\/wp\/v2\/pages\/2227"}],"collection":[{"href":"https:\/\/www.iglika-christova.com\/v2\/index.php?rest_route=\/wp\/v2\/pages"}],"about":[{"href":"https:\/\/www.iglika-christova.com\/v2\/index.php?rest_route=\/wp\/v2\/types\/page"}],"author":[{"embeddable":true,"href":"https:\/\/www.iglika-christova.com\/v2\/index.php?rest_route=\/wp\/v2\/users\/1"}],"replies":[{"embeddable":true,"href":"https:\/\/www.iglika-christova.com\/v2\/index.php?rest_route=%2Fwp%2Fv2%2Fcomments&post=2227"}],"version-history":[{"count":32,"href":"https:\/\/www.iglika-christova.com\/v2\/index.php?rest_route=\/wp\/v2\/pages\/2227\/revisions"}],"predecessor-version":[{"id":2703,"href":"https:\/\/www.iglika-christova.com\/v2\/index.php?rest_route=\/wp\/v2\/pages\/2227\/revisions\/2703"}],"wp:attachment":[{"href":"https:\/\/www.iglika-christova.com\/v2\/index.php?rest_route=%2Fwp%2Fv2%2Fmedia&parent=2227"}],"curies":[{"name":"wp","href":"https:\/\/api.w.org\/{rel}","templated":true}]}}