{"id":2392,"date":"2018-10-08T19:24:18","date_gmt":"2018-10-08T18:24:18","guid":{"rendered":"http:\/\/www.iglikachristova.com\/v2\/?page_id=2392"},"modified":"2020-12-06T17:40:11","modified_gmt":"2020-12-06T16:40:11","slug":"micro-poetique","status":"publish","type":"page","link":"https:\/\/www.iglika-christova.com\/v2\/?page_id=2392","title":{"rendered":"MICRO-PO\u00c9TIQUE"},"content":{"rendered":"<p><strong>2018<\/strong><br \/>\n<strong>Installation <i>in situ <\/i>de treize \u0153uvres sur verre, 119 x 109 cm<\/strong><\/p>\n<p style=\"text-align: justify;\"><img loading=\"lazy\" decoding=\"async\" class=\"alignleft  wp-image-2513\" src=\"https:\/\/www.iglikachristova.com\/v2\/wp-content\/uploads\/2020\/01\/Iglika_OUV_1-1-1200x800-1.jpg\" alt=\"\" width=\"456\" height=\"305\" srcset=\"https:\/\/www.iglika-christova.com\/v2\/wp-content\/uploads\/2020\/01\/Iglika_OUV_1-1-1200x800-1.jpg 1200w, https:\/\/www.iglika-christova.com\/v2\/wp-content\/uploads\/2020\/01\/Iglika_OUV_1-1-1200x800-1-300x200.jpg 300w, https:\/\/www.iglika-christova.com\/v2\/wp-content\/uploads\/2020\/01\/Iglika_OUV_1-1-1200x800-1-1024x683.jpg 1024w, https:\/\/www.iglika-christova.com\/v2\/wp-content\/uploads\/2020\/01\/Iglika_OUV_1-1-1200x800-1-768x512.jpg 768w, https:\/\/www.iglika-christova.com\/v2\/wp-content\/uploads\/2020\/01\/Iglika_OUV_1-1-1200x800-1-608x408.jpg 608w, https:\/\/www.iglika-christova.com\/v2\/wp-content\/uploads\/2020\/01\/Iglika_OUV_1-1-1200x800-1-480x320.jpg 480w\" sizes=\"(max-width: 456px) 100vw, 456px\" \/>L\u2019\u0153uvre <em>Micro-po\u00e9tique<\/em> a \u00e9t\u00e9 con\u00e7ue sp\u00e9cialement pour s\u2019ins\u00e9rer au sein du PARCC (Paris-Centre de Recherche Cardiovasculaire \u00e0 l\u2019H\u00f4pital Europ\u00e9en Georges-Pompidou). <em>Micro-po\u00e9tique<\/em> cherche \u00e0 introduire le geste artistique au c\u0153ur des laboratoires de recherche en biologie et microbiologie. Le PARCC est compos\u00e9 \u00e0 ce jour de treize \u00e9quipes de recherche scientifique op\u00e9rant dans des domaines divers. Compos\u00e9e de treize cr\u00e9ations graphiques \u00ab habillant \u00bb par la technique de vitrophanie les treize vitres situ\u00e9es au rez-de-chauss\u00e9e du PARCC, cette installation a comme point de d\u00e9part des images de microscopie ainsi des graphiques ou des sch\u00e9mas de calculs, tous issues des travaux des \u00e9quipes. Chacune des treize cr\u00e9ations met en sc\u00e8ne un dialogue sensible entre le dessin et l\u2019image scientifique. L\u2019\u0153uvre a ainsi pour ambition de traduire la singularit\u00e9 des diff\u00e9rentes recherches men\u00e9es par les \u00e9quipes du PARCC. D\u00e9tourn\u00e9e de son champ de recherche scientifique strict, l\u2019image scientifique insuffle de l\u2019oxyg\u00e8ne au geste artistique et appara\u00eet comme un stimulus pour l\u2019imagination. En passant par la <em>mim\u00e8sis<\/em>, le dessin s\u2019appuie sur les images scientifiques pour s\u2019\u00e9manciper petit \u00e0 petit vers un univers imaginaire autonome. Le dessin s\u2019approprie et recompose alors les \u00e9l\u00e9ments \u00ab capt\u00e9s \u00bb dans la r\u00e9alit\u00e9 biologique pour cr\u00e9er des ordres nouveaux. Par ce dialogue entre le dessin et l\u2019image scientifique, l\u2019\u0153uvre d\u00e9voile les aspects po\u00e9tiques des plus petites parcelles de la mati\u00e8re vivante. La forme circulaire d\u00e9limite les treize cr\u00e9ations et se veut \u00eatre une \u00e9vocation m\u00e9taphorique de l\u2019oculaire du microscope, tout en rappelant les planches de dessins de Robert Hook r\u00e9unies dans son c\u00e9l\u00e8bre ouvrage <em>Micrographia<\/em> dat\u00e9 de 1665.<\/p>\n","protected":false},"excerpt":{"rendered":"<p>2018 Installation in situ de treize \u0153uvres sur verre, 119 x 109 cm L\u2019\u0153uvre Micro-po\u00e9tique a \u00e9t\u00e9 con\u00e7ue sp\u00e9cialement pour s\u2019ins\u00e9rer au sein du PARCC (Paris-Centre de Recherche Cardiovasculaire \u00e0 l\u2019H\u00f4pital Europ\u00e9en Georges-Pompidou). Micro-po\u00e9tique cherche \u00e0 introduire le geste artistique au c\u0153ur des laboratoires de recherche en biologie et microbiologie. Le PARCC est compos\u00e9 \u00e0 [&hellip;]<\/p>\n","protected":false},"author":1,"featured_media":0,"parent":0,"menu_order":0,"comment_status":"open","ping_status":"open","template":"","meta":{"footnotes":""},"class_list":["post-2392","page","type-page","status-publish","hentry"],"_links":{"self":[{"href":"https:\/\/www.iglika-christova.com\/v2\/index.php?rest_route=\/wp\/v2\/pages\/2392"}],"collection":[{"href":"https:\/\/www.iglika-christova.com\/v2\/index.php?rest_route=\/wp\/v2\/pages"}],"about":[{"href":"https:\/\/www.iglika-christova.com\/v2\/index.php?rest_route=\/wp\/v2\/types\/page"}],"author":[{"embeddable":true,"href":"https:\/\/www.iglika-christova.com\/v2\/index.php?rest_route=\/wp\/v2\/users\/1"}],"replies":[{"embeddable":true,"href":"https:\/\/www.iglika-christova.com\/v2\/index.php?rest_route=%2Fwp%2Fv2%2Fcomments&post=2392"}],"version-history":[{"count":8,"href":"https:\/\/www.iglika-christova.com\/v2\/index.php?rest_route=\/wp\/v2\/pages\/2392\/revisions"}],"predecessor-version":[{"id":2627,"href":"https:\/\/www.iglika-christova.com\/v2\/index.php?rest_route=\/wp\/v2\/pages\/2392\/revisions\/2627"}],"wp:attachment":[{"href":"https:\/\/www.iglika-christova.com\/v2\/index.php?rest_route=%2Fwp%2Fv2%2Fmedia&parent=2392"}],"curies":[{"name":"wp","href":"https:\/\/api.w.org\/{rel}","templated":true}]}}