{"id":85,"date":"2014-01-08T10:09:49","date_gmt":"2014-01-08T09:09:49","guid":{"rendered":"http:\/\/www.iglikachristova.com\/v2\/?page_id=85"},"modified":"2022-09-12T14:05:53","modified_gmt":"2022-09-12T13:05:53","slug":"presentation-2","status":"publish","type":"page","link":"https:\/\/www.iglika-christova.com\/v2\/?page_id=85","title":{"rendered":"Portraits du sang"},"content":{"rendered":"<div id=\"attachment_2709\" style=\"width: 436px\" class=\"wp-caption alignleft\"><img loading=\"lazy\" decoding=\"async\" aria-describedby=\"caption-attachment-2709\" class=\"wp-image-2709\" src=\"https:\/\/www.iglikachristova.com\/v2\/wp-content\/uploads\/2022\/09\/portrait-sans_BD-300x225.jpg\" alt=\"\" width=\"426\" height=\"320\" srcset=\"https:\/\/www.iglika-christova.com\/v2\/wp-content\/uploads\/2022\/09\/portrait-sans_BD-300x225.jpg 300w, https:\/\/www.iglika-christova.com\/v2\/wp-content\/uploads\/2022\/09\/portrait-sans_BD-1024x768.jpg 1024w, https:\/\/www.iglika-christova.com\/v2\/wp-content\/uploads\/2022\/09\/portrait-sans_BD-768x576.jpg 768w, https:\/\/www.iglika-christova.com\/v2\/wp-content\/uploads\/2022\/09\/portrait-sans_BD.jpg 1476w\" sizes=\"(max-width: 426px) 100vw, 426px\" \/><p id=\"caption-attachment-2709\" class=\"wp-caption-text\"><em>Autoportrait du sang<\/em> (d\u00e9tail), 2022, dessin \u00e0 partir des images de microscopie d\u2019une goutte de sang vivante, 70 x 90 cm.<\/p><\/div>\n<p style=\"text-align: justify;\"><strong>Projet 2022<\/strong><\/p>\n<p style=\"text-align: justify;\"><strong>Plong\u00e9e dans la vie microscopique d&rsquo;une goutte de sang vivante<\/strong><\/p>\n<p style=\"text-align: justify;\">Le projet <strong><em>Portraits du sang<\/em><\/strong> pr\u00e9voie une s\u00e9rie de \u00ab portraits\u00a0\u00bb\u00a0de personnalit\u00e9s diff\u00e9rentes dessin\u00e9s \u00e0 partir des images de microscopie d&rsquo;une goutte de sang vivante pr\u00e9lev\u00e9e sp\u00e9cialement \u00e0 cette occasion de chaque mod\u00e8le vivant. Prolongeant la tradition des portraits d&rsquo;apparat du XVII<sup>e<\/sup> et XVIII<sup>e<\/sup> si\u00e8cles et en tenant compte des avanc\u00e9es de la microbiologie, les <em>Portraits du sang <\/em>proposent une nouvelle dimension du portrait comme genre. Il s\u2019agit de revisiter les images associ\u00e9es \u00e0 notre identit\u00e9 biologique par rapport aux techniques scientifiques actuelles.<\/p>\n<p style=\"text-align: justify;\">Tissu liquide de notre corps et porteur d\u2019informations sp\u00e9cifiques, le sang s\u2019apparente \u00e0 un hologramme. Ainsi, l&rsquo;\u00e9tude d&rsquo;une goutte de sang vivante \u00e0 l&rsquo;aide d&rsquo;un microscope sp\u00e9cialis\u00e9, fournit d\u00e9sormais des informations diff\u00e9rentes par rapport \u00e0 celles de l&rsquo;examen standard d&rsquo;un <em>frottis sanguin<\/em> (goutte de sang fix\u00e9e et \u00e9tal\u00e9e sur une lame de microscope). Aussi bien que l\u2019observation d\u2019une goutte de sang vivante peut nous renseigner sur l\u2019\u00e9tat psychophysiologique de l&rsquo;ensemble de l&rsquo;organisme d&rsquo;une personne.<\/p>\n<p style=\"text-align: justify;\">Les images de microscopie ainsi que les informations scientifiques d\u00e9livr\u00e9es par le chercheur scientifique lors de l\u2019analyse de la goutte de sang seront ici le \u00ab point de d\u00e9part \u00bb pour la r\u00e9alisation d\u2019un \u00ab portrait \u00bb dessin\u00e9. Qu\u2019apporte ici le dessin par rapport aux images de microscopie ?<\/p>\n<p style=\"text-align: justify;\">\u00c0 partir de l\u2019observation des\u00a0diff\u00e9rentes\u00a0images de microscopie montrant la goutte de sang \u00e9tudi\u00e9e dans ses diff\u00e9rentes \u00e9tats, le dessin entrem\u00eale des points de vue et des \u00e9chelles vari\u00e9es. L\u2019attention se porte sur l\u2019aspect\u00a0identitaire de la goutte de sang observ\u00e9e. Strate par strate et \u00e0 travers les diff\u00e9rents grossissements de l\u2019instrument optique, la goutte de sang r\u00e9v\u00e8le ses caract\u00e9ristiques intimes. Chaque goutte de sang est unique selon sa composition relative \u00e0 l\u2019\u00e9tat de notre corps\u00a0: plasma sanguin, globules rouges, globules blancs et plaquettes sanguines.<\/p>\n<p style=\"text-align: justify;\">Le portrait dessin\u00e9 \u00e0 partir des observations scientifiques du sang n\u2019illustre pas les images de microscopie, mais se veut \u00eatre une vision multi-\u00e9chelle des diff\u00e9rents aspects choisis de la goutte de sang. L\u2019accent est mis notamment sur les caract\u00e9ristiques qui la rendent diff\u00e9rente \u00e0 l\u2019image d\u2019une empreinte digitale. Cette nouvelle fa\u00e7on d\u2019envisager le portrait impose non seulement une nouvelle esth\u00e9tique mais aussi un autre regard sur la question de l\u2019identit\u00e9 biologique et son image au XXI<sup>e <\/sup>si\u00e8cle.<\/p>\n","protected":false},"excerpt":{"rendered":"<p>Projet 2022 Plong\u00e9e dans la vie microscopique d&rsquo;une goutte de sang vivante Le projet Portraits du sang pr\u00e9voie une s\u00e9rie de \u00ab portraits\u00a0\u00bb\u00a0de personnalit\u00e9s diff\u00e9rentes dessin\u00e9s \u00e0 partir des images de microscopie d&rsquo;une goutte de sang vivante pr\u00e9lev\u00e9e sp\u00e9cialement \u00e0 cette occasion de chaque mod\u00e8le vivant. Prolongeant la tradition des portraits d&rsquo;apparat du XVIIe et [&hellip;]<\/p>\n","protected":false},"author":1,"featured_media":0,"parent":0,"menu_order":0,"comment_status":"closed","ping_status":"open","template":"","meta":{"footnotes":""},"class_list":["post-85","page","type-page","status-publish","hentry"],"_links":{"self":[{"href":"https:\/\/www.iglika-christova.com\/v2\/index.php?rest_route=\/wp\/v2\/pages\/85"}],"collection":[{"href":"https:\/\/www.iglika-christova.com\/v2\/index.php?rest_route=\/wp\/v2\/pages"}],"about":[{"href":"https:\/\/www.iglika-christova.com\/v2\/index.php?rest_route=\/wp\/v2\/types\/page"}],"author":[{"embeddable":true,"href":"https:\/\/www.iglika-christova.com\/v2\/index.php?rest_route=\/wp\/v2\/users\/1"}],"replies":[{"embeddable":true,"href":"https:\/\/www.iglika-christova.com\/v2\/index.php?rest_route=%2Fwp%2Fv2%2Fcomments&post=85"}],"version-history":[{"count":39,"href":"https:\/\/www.iglika-christova.com\/v2\/index.php?rest_route=\/wp\/v2\/pages\/85\/revisions"}],"predecessor-version":[{"id":2720,"href":"https:\/\/www.iglika-christova.com\/v2\/index.php?rest_route=\/wp\/v2\/pages\/85\/revisions\/2720"}],"wp:attachment":[{"href":"https:\/\/www.iglika-christova.com\/v2\/index.php?rest_route=%2Fwp%2Fv2%2Fmedia&parent=85"}],"curies":[{"name":"wp","href":"https:\/\/api.w.org\/{rel}","templated":true}]}}